{"id":820,"date":"2020-02-23T13:20:17","date_gmt":"2020-02-23T11:20:17","guid":{"rendered":"https:\/\/euromotors.gr\/?post_type=product&#038;p=820"},"modified":"2024-07-02T16:08:49","modified_gmt":"2024-07-02T13:08:49","slug":"%ce%b2%ce%b5%ce%bd%ce%b6%ce%b9%ce%bd%ce%bf%ce%ba%ce%b9%ce%bd%ce%b7%cf%84%ce%ae%cf%81%ce%b1%cf%82-%ce%b5%cf%86%ce%b1%cf%81%ce%bc%ce%bf%ce%b3%cf%8e%ce%bd","status":"publish","type":"product","link":"https:\/\/euromotors.gr\/?product=%ce%b2%ce%b5%ce%bd%ce%b6%ce%b9%ce%bd%ce%bf%ce%ba%ce%b9%ce%bd%ce%b7%cf%84%ce%ae%cf%81%ce%b1%cf%82-%ce%b5%cf%86%ce%b1%cf%81%ce%bc%ce%bf%ce%b3%cf%8e%ce%bd","title":{"rendered":"SR188F SR188FD(EPA\/CE)\u00a0"},"content":{"rendered":"<p><strong>\u03b2\u03b5\u03bd\u03b6\u03b9\u03bd\u03bf\u03ba\u03b9\u03bd\u03b7\u03c4\u03ae\u03c1\u03b1\u03c2 \u03b5\u03c6\u03b1\u03c1\u03bc\u03bf\u03b3\u03ce\u03bd SR188F SR188FD(EPA\/CE)\u00a0<\/strong><\/p>\n<p>Engine model\u00a0\u00a0\u00a0\u00a0\u00a0\u00a0\u00a0\u00a0\u00a0\u00a0\u00a0\u00a0\u00a0 4\u03a7\u03a1\u039f\u039d\u039f\u03a3, OHV\u300125\u00b0tilt,single cylinder, forced air cooling.<br \/>\nCompression ratio\u00a0\u00a0\u00a0\u00a0\u00a0\u00a0\u00a0\u00a0\u00a0\u00a0\u00a0\u00a0\u00a0\u00a0 8.0:1<br \/>\n\u0399\u03a0\u03a0\u039f\u0394\u03a5\u039d\u0391\u039c\u0397\u00a0\u00a0\u00a0\u00a0\u00a0\u00a0\u00a0\u00a0\u00a0\u00a0\u00a0\u00a0 9.5\/3600[kW(r\/min)]<br \/>\nRated output\u00a0\u00a0\u00a0\u00a0\u00a0\u00a0\u00a0\u00a0\u00a0\u00a0\u00a0\u00a0\u00a0\u00a0\u00a0\u00a0\u00a0\u00a0\u00a0\u00a0\u00a0\u00a0\u00a0\u00a0 8.0\/3600[kW(r\/min)]<br \/>\nStarting system\u00a0\u00a0\u00a0\u00a0\u00a0\u00a0\u00a0\u00a0\u00a0\u00a0\u00a0\u00a0\u00a0\u00a0\u00a0\u00a0\u00a0\u00a0\u00a0 Recoil start-\u039c\u0399\u0396\u0391<br \/>\nMax.Torque\u00a0\u00a0\u00a0\u00a0\u00a0\u00a0\u00a0\u00a0\u00a0\u00a0\u00a0\u00a0\u00a0\u00a0\u00a0\u00a0\u00a0\u00a0\u00a0\u00a0\u00a0\u00a0\u00a0\u00a0\u00a0\u00a0\u00a0\u00a0 21\/2500[N.m\/(r\/min)]<br \/>\nIgnition system\u00a0\u00a0\u00a0\u00a0\u00a0\u00a0\u00a0\u00a0\u00a0\u00a0\u00a0\u00a0\u00a0\u00a0\u00a0\u00a0\u00a0\u00a0\u00a0 T.C.I<br \/>\n\u039a\u0391\u03a4\u0391\u039d\u0391\u039b\u03a9\u03a3\u0397\u00a0\u00a0\u00a0\u00a0\u00a0\u00a0\u00a0\u00a0\u00a0\u00a0\u00a0\u00a0\u00a0\u00a0\u00a0\u00a0\u00a0\u00a0\u00a0\u00a0\u00a0\u00a0 \u2264374(g\/kW.h)<br \/>\nEngine oil designation\u00a0\u00a0\u00a0\u00a0\u00a0 SAE 15W\/40(GB11121-1995)<br \/>\nOil consumption\u00a0\u00a0\u00a0\u00a0\u00a0\u00a0\u00a0\u00a0\u00a0\u00a0\u00a0\u00a0\u00a0\u00a0\u00a0\u00a0\u00a0 \u22646.8(g\/kW.h)<br \/>\nFuel designation\u00a0\u00a0\u00a0\u00a0\u00a0\u00a0\u00a0\u00a0\u00a0\u00a0\u00a0\u00a0\u00a0\u00a0\u00a0\u00a0 90#(GB17930-1999)<br \/>\nMin.stable speed unload\u00a0\u00a0\u00a0 1500\u00b1150(r\/min)<br \/>\n\u03a7\u03a9\u03a1\u0397\u03a4\u0399\u039a\u039f\u03a4\u0397\u03a4\u0391 \u039d\u03a4\u0395\u03a0\u039f\u0396\u0399\u03a4\u039f\u03a5 6.5(L)<br \/>\nEngine oil capacity\u00a0\u00a0\u00a0\u00a0\u00a0\u00a0 1.1(L)<br \/>\nNoise\u00a0\u00a0\u00a0\u00a0\u00a0\u00a0\u00a0\u00a0\u00a0\u00a0\u00a0\u00a0\u00a0\u00a0\u00a0\u00a0\u00a0\u00a0\u00a0\u00a0\u00a0 \u2264104[db(A)]<br \/>\nSpark plug clearance\u00a0\u00a0\u00a0 0.7\uff5e0.8(mm)<br \/>\nBore\u00d7stroke\u00a0\u00a0\u00a0\u00a0\u00a0\u00a0\u00a0\u00a0\u00a0\u00a0\u00a0\u00a0\u00a0\u00a0\u00a0 82\u00d764(mm)<br \/>\nAir cleaner\u00a0\u00a0\u00a0\u00a0\u00a0 Semi-dry,oil bath,foam filter<br \/>\n\u039a\u03a5\u0392\u0399\u03a3\u039c\u039f\u03a3\u00a0\u00a0\u00a0\u00a0\u00a0\u00a0\u00a0\u00a0\u00a0\u00a0\u00a0\u00a0\u00a0\u00a0\u00a0\u00a0 389(ml)<br \/>\nDimension\u00a0\u00a0\u00a0\u00a0\u00a0\u00a0\u00a0\u00a0\u00a0 485\u00d7455\u00d7525(L\u00d7W\u00d7H)(mm)<br \/>\n\u0399\u03a0\u03a0\u039f\u0399\u00a0\u00a0\u00a0\u00a0 13<br \/>\nNet weight\u00a0\u00a0\u00a0\u00a0\u00a0\u00a0\u00a0\u00a0\u00a0\u00a0 31\/34(Kg)<br \/>\n\u03a4\u0399\u039c\u0397 \u039b\u0399\u0391\u039d\u0399\u039a\u0397\u03a3: 320\u20ac<br \/>\n\u0391\u039c\u0395\u03a1\u0399\u039a\u0391\u039d\u0399\u039a\u0395\u03a3 &amp; \u0395\u03a5\u03a1\u03a9\u03a0\u0391\u0399\u039a\u0395\u03a3 \u03a0\u03a1\u039f\u0394\u0399\u0391\u0393\u03a1\u0391\u03a6\u0395\u03a3<\/p>\n","protected":false},"excerpt":{"rendered":"<p>\u039c\u03b5 \u03bc\u03af\u03b6\u03b1 \u03ba\u03b1\u03b9 \u03ba\u03bf\u03c1\u03b4\u03cc\u03bd\u03b9.<\/p>\n<p>Max. \u0399\u03a0\u03a0\u039f\u0394\u03a5\u039d\u0391\u039c\u0397 9.5\/3600[kW (r\/min)]<\/p>\n<p>\u039a\u03a5\u0392\u0399\u03a3\u039c\u039f\u03a3\u00a0 389(ml)<\/p>\n","protected":false},"featured_media":821,"comment_status":"open","ping_status":"closed","template":"","meta":[],"product_brand":[],"product_cat":[54],"product_tag":[50],"class_list":{"0":"post-820","1":"product","2":"type-product","3":"status-publish","4":"has-post-thumbnail","6":"product_cat-54","7":"product_tag-big","8":"product_shipping_class-18-25kg","10":"first","11":"instock","12":"sale","13":"taxable","14":"shipping-taxable","15":"purchasable","16":"product-type-simple"},"yoast_head":"<!-- This site is optimized with the Yoast SEO plugin v27.2 - https:\/\/yoast.com\/product\/yoast-seo-wordpress\/ -->\n<title>\u03b2\u03b5\u03bd\u03b6\u03b9\u03bd\u03bf\u03ba\u03b9\u03bd\u03b7\u03c4\u03ae\u03c1\u03b1\u03c2 \u03b5\u03c6\u03b1\u03c1\u03bc\u03bf\u03b3\u03ce\u03bd SR188F SR188FD(EPA\/CE)\u00a0 - \u03a0\u039f\u0399\u039f\u03a4\u0397\u03a4\u0391 \u03a3\u0395 \u03a0\u03a1\u039f\u03a3\u0399\u03a4\u0395\u03a3 \u03a4\u0399\u039c\u0395\u03a3<\/title>\n<meta name=\"description\" content=\"\u0392\u03b5\u03bd\u03b6\u03b9\u03bd\u03bf\u03ba\u03b9\u03bd\u03b7\u03c4\u03ae\u03c1\u03b1\u03c2 \u03b4\u03b9\u03b1\u03c6\u03cc\u03c1\u03c9\u03bd \u03b5\u03c6\u03b1\u03c1\u03bc\u03bf\u03b3\u03ce\u03bd. 400cc \u03bc\u03b5 \u03bc\u03af\u03b6\u03b1 \u03ba\u03b1\u03b9 \u03ba\u03bf\u03c1\u03b4\u03cc\u03bd\u03b9. \u0399\u03a0\u03a0\u039f\u0394\u03a5\u039d\u0391\u039c\u0397 9.5\/3600[kW(r\/min)]. \u0391\u039c\u0395\u03a1\u0399\u039a\u0391\u039d\u0399\u039a\u0395\u03a3 &amp; \u0395\u03a5\u03a1\u03a9\u03a0\u0391\u0399\u039a\u0395\u03a3 \u03a0\u03a1\u039f\u0394\u0399\u0391\u0393\u03a1\u0391\u03a6\u0395\u03a3\" \/>\n<meta name=\"robots\" content=\"index, follow, max-snippet:-1, max-image-preview:large, max-video-preview:-1\" \/>\n<link rel=\"canonical\" href=\"https:\/\/euromotors.gr\/?product=\u03b2\u03b5\u03bd\u03b6\u03b9\u03bd\u03bf\u03ba\u03b9\u03bd\u03b7\u03c4\u03ae\u03c1\u03b1\u03c2-\u03b5\u03c6\u03b1\u03c1\u03bc\u03bf\u03b3\u03ce\u03bd\" \/>\n<meta property=\"og:locale\" content=\"el_GR\" \/>\n<meta property=\"og:type\" content=\"article\" \/>\n<meta property=\"og:title\" content=\"\u03b2\u03b5\u03bd\u03b6\u03b9\u03bd\u03bf\u03ba\u03b9\u03bd\u03b7\u03c4\u03ae\u03c1\u03b1\u03c2 \u03b5\u03c6\u03b1\u03c1\u03bc\u03bf\u03b3\u03ce\u03bd SR188F SR188FD(EPA\/CE)\u00a0 - \u03a0\u039f\u0399\u039f\u03a4\u0397\u03a4\u0391 \u03a3\u0395 \u03a0\u03a1\u039f\u03a3\u0399\u03a4\u0395\u03a3 \u03a4\u0399\u039c\u0395\u03a3\" \/>\n<meta property=\"og:description\" content=\"\u0392\u03b5\u03bd\u03b6\u03b9\u03bd\u03bf\u03ba\u03b9\u03bd\u03b7\u03c4\u03ae\u03c1\u03b1\u03c2 \u03b4\u03b9\u03b1\u03c6\u03cc\u03c1\u03c9\u03bd \u03b5\u03c6\u03b1\u03c1\u03bc\u03bf\u03b3\u03ce\u03bd. 400cc \u03bc\u03b5 \u03bc\u03af\u03b6\u03b1 \u03ba\u03b1\u03b9 \u03ba\u03bf\u03c1\u03b4\u03cc\u03bd\u03b9. \u0399\u03a0\u03a0\u039f\u0394\u03a5\u039d\u0391\u039c\u0397 9.5\/3600[kW(r\/min)]. \u0391\u039c\u0395\u03a1\u0399\u039a\u0391\u039d\u0399\u039a\u0395\u03a3 &amp; \u0395\u03a5\u03a1\u03a9\u03a0\u0391\u0399\u039a\u0395\u03a3 \u03a0\u03a1\u039f\u0394\u0399\u0391\u0393\u03a1\u0391\u03a6\u0395\u03a3\" \/>\n<meta property=\"og:url\" content=\"https:\/\/euromotors.gr\/?product=\u03b2\u03b5\u03bd\u03b6\u03b9\u03bd\u03bf\u03ba\u03b9\u03bd\u03b7\u03c4\u03ae\u03c1\u03b1\u03c2-\u03b5\u03c6\u03b1\u03c1\u03bc\u03bf\u03b3\u03ce\u03bd\" \/>\n<meta property=\"og:site_name\" content=\"\u03a0\u039f\u0399\u039f\u03a4\u0397\u03a4\u0391 \u03a3\u0395 \u03a0\u03a1\u039f\u03a3\u0399\u03a4\u0395\u03a3 \u03a4\u0399\u039c\u0395\u03a3\" \/>\n<meta property=\"article:publisher\" content=\"https:\/\/www.facebook.com\/974952642521498\" \/>\n<meta property=\"article:modified_time\" content=\"2024-07-02T13:08:49+00:00\" \/>\n<meta property=\"og:image\" content=\"https:\/\/euromotors.gr\/wordpress\/wp-content\/uploads\/2020\/02\/BIG.png\" \/>\n\t<meta property=\"og:image:width\" content=\"212\" \/>\n\t<meta property=\"og:image:height\" content=\"190\" \/>\n\t<meta property=\"og:image:type\" content=\"image\/png\" \/>\n<meta name=\"twitter:card\" content=\"summary_large_image\" \/>\n<meta name=\"twitter:label1\" content=\"\u0395\u03ba\u03c4\u03b9\u03bc\u03ce\u03bc\u03b5\u03bd\u03bf\u03c2 \u03c7\u03c1\u03cc\u03bd\u03bf\u03c2 \u03b1\u03bd\u03ac\u03b3\u03bd\u03c9\u03c3\u03b7\u03c2\" \/>\n\t<meta name=\"twitter:data1\" content=\"1 \u03bb\u03b5\u03c0\u03c4\u03cc\" \/>\n<script type=\"application\/ld+json\" class=\"yoast-schema-graph\">{\"@context\":\"https:\/\/schema.org\",\"@graph\":[{\"@type\":\"WebPage\",\"@id\":\"https:\/\/euromotors.gr\/?product=%ce%b2%ce%b5%ce%bd%ce%b6%ce%b9%ce%bd%ce%bf%ce%ba%ce%b9%ce%bd%ce%b7%cf%84%ce%ae%cf%81%ce%b1%cf%82-%ce%b5%cf%86%ce%b1%cf%81%ce%bc%ce%bf%ce%b3%cf%8e%ce%bd\",\"url\":\"https:\/\/euromotors.gr\/?product=%ce%b2%ce%b5%ce%bd%ce%b6%ce%b9%ce%bd%ce%bf%ce%ba%ce%b9%ce%bd%ce%b7%cf%84%ce%ae%cf%81%ce%b1%cf%82-%ce%b5%cf%86%ce%b1%cf%81%ce%bc%ce%bf%ce%b3%cf%8e%ce%bd\",\"name\":\"\u03b2\u03b5\u03bd\u03b6\u03b9\u03bd\u03bf\u03ba\u03b9\u03bd\u03b7\u03c4\u03ae\u03c1\u03b1\u03c2 \u03b5\u03c6\u03b1\u03c1\u03bc\u03bf\u03b3\u03ce\u03bd SR188F SR188FD(EPA\/CE)\u00a0 - \u03a0\u039f\u0399\u039f\u03a4\u0397\u03a4\u0391 \u03a3\u0395 \u03a0\u03a1\u039f\u03a3\u0399\u03a4\u0395\u03a3 \u03a4\u0399\u039c\u0395\u03a3\",\"isPartOf\":{\"@id\":\"https:\/\/euromotors.gr\/#website\"},\"primaryImageOfPage\":{\"@id\":\"https:\/\/euromotors.gr\/?product=%ce%b2%ce%b5%ce%bd%ce%b6%ce%b9%ce%bd%ce%bf%ce%ba%ce%b9%ce%bd%ce%b7%cf%84%ce%ae%cf%81%ce%b1%cf%82-%ce%b5%cf%86%ce%b1%cf%81%ce%bc%ce%bf%ce%b3%cf%8e%ce%bd#primaryimage\"},\"image\":{\"@id\":\"https:\/\/euromotors.gr\/?product=%ce%b2%ce%b5%ce%bd%ce%b6%ce%b9%ce%bd%ce%bf%ce%ba%ce%b9%ce%bd%ce%b7%cf%84%ce%ae%cf%81%ce%b1%cf%82-%ce%b5%cf%86%ce%b1%cf%81%ce%bc%ce%bf%ce%b3%cf%8e%ce%bd#primaryimage\"},\"thumbnailUrl\":\"https:\/\/euromotors.gr\/wordpress\/wp-content\/uploads\/2020\/02\/BIG.png\",\"datePublished\":\"2020-02-23T11:20:17+00:00\",\"dateModified\":\"2024-07-02T13:08:49+00:00\",\"description\":\"\u0392\u03b5\u03bd\u03b6\u03b9\u03bd\u03bf\u03ba\u03b9\u03bd\u03b7\u03c4\u03ae\u03c1\u03b1\u03c2 \u03b4\u03b9\u03b1\u03c6\u03cc\u03c1\u03c9\u03bd \u03b5\u03c6\u03b1\u03c1\u03bc\u03bf\u03b3\u03ce\u03bd. 400cc \u03bc\u03b5 \u03bc\u03af\u03b6\u03b1 \u03ba\u03b1\u03b9 \u03ba\u03bf\u03c1\u03b4\u03cc\u03bd\u03b9. \u0399\u03a0\u03a0\u039f\u0394\u03a5\u039d\u0391\u039c\u0397 9.5\/3600[kW(r\/min)]. \u0391\u039c\u0395\u03a1\u0399\u039a\u0391\u039d\u0399\u039a\u0395\u03a3 & \u0395\u03a5\u03a1\u03a9\u03a0\u0391\u0399\u039a\u0395\u03a3 \u03a0\u03a1\u039f\u0394\u0399\u0391\u0393\u03a1\u0391\u03a6\u0395\u03a3\",\"breadcrumb\":{\"@id\":\"https:\/\/euromotors.gr\/?product=%ce%b2%ce%b5%ce%bd%ce%b6%ce%b9%ce%bd%ce%bf%ce%ba%ce%b9%ce%bd%ce%b7%cf%84%ce%ae%cf%81%ce%b1%cf%82-%ce%b5%cf%86%ce%b1%cf%81%ce%bc%ce%bf%ce%b3%cf%8e%ce%bd#breadcrumb\"},\"inLanguage\":\"el\",\"potentialAction\":[{\"@type\":\"ReadAction\",\"target\":[\"https:\/\/euromotors.gr\/?product=%ce%b2%ce%b5%ce%bd%ce%b6%ce%b9%ce%bd%ce%bf%ce%ba%ce%b9%ce%bd%ce%b7%cf%84%ce%ae%cf%81%ce%b1%cf%82-%ce%b5%cf%86%ce%b1%cf%81%ce%bc%ce%bf%ce%b3%cf%8e%ce%bd\"]}]},{\"@type\":\"ImageObject\",\"inLanguage\":\"el\",\"@id\":\"https:\/\/euromotors.gr\/?product=%ce%b2%ce%b5%ce%bd%ce%b6%ce%b9%ce%bd%ce%bf%ce%ba%ce%b9%ce%bd%ce%b7%cf%84%ce%ae%cf%81%ce%b1%cf%82-%ce%b5%cf%86%ce%b1%cf%81%ce%bc%ce%bf%ce%b3%cf%8e%ce%bd#primaryimage\",\"url\":\"https:\/\/euromotors.gr\/wordpress\/wp-content\/uploads\/2020\/02\/BIG.png\",\"contentUrl\":\"https:\/\/euromotors.gr\/wordpress\/wp-content\/uploads\/2020\/02\/BIG.png\",\"width\":212,\"height\":190},{\"@type\":\"BreadcrumbList\",\"@id\":\"https:\/\/euromotors.gr\/?product=%ce%b2%ce%b5%ce%bd%ce%b6%ce%b9%ce%bd%ce%bf%ce%ba%ce%b9%ce%bd%ce%b7%cf%84%ce%ae%cf%81%ce%b1%cf%82-%ce%b5%cf%86%ce%b1%cf%81%ce%bc%ce%bf%ce%b3%cf%8e%ce%bd#breadcrumb\",\"itemListElement\":[{\"@type\":\"ListItem\",\"position\":1,\"name\":\"\u0391\u03c1\u03c7\u03b9\u03ba\u03ae\",\"item\":\"https:\/\/euromotors.gr\/\"},{\"@type\":\"ListItem\",\"position\":2,\"name\":\"e-Shop\",\"item\":\"https:\/\/euromotors.gr\/?page_id=560\"},{\"@type\":\"ListItem\",\"position\":3,\"name\":\"SR188F SR188FD(EPA\/CE)\u00a0\"}]},{\"@type\":\"WebSite\",\"@id\":\"https:\/\/euromotors.gr\/#website\",\"url\":\"https:\/\/euromotors.gr\/\",\"name\":\"Euro Motors\",\"description\":\"Motorcycles, scooters, mopeds, sidecars, \u03c0\u03b1\u03c0\u03b9\u03ac\",\"publisher\":{\"@id\":\"https:\/\/euromotors.gr\/#organization\"},\"potentialAction\":[{\"@type\":\"SearchAction\",\"target\":{\"@type\":\"EntryPoint\",\"urlTemplate\":\"https:\/\/euromotors.gr\/?s={search_term_string}\"},\"query-input\":{\"@type\":\"PropertyValueSpecification\",\"valueRequired\":true,\"valueName\":\"search_term_string\"}}],\"inLanguage\":\"el\"},{\"@type\":\"Organization\",\"@id\":\"https:\/\/euromotors.gr\/#organization\",\"name\":\"Euro Motors\",\"url\":\"https:\/\/euromotors.gr\/\",\"logo\":{\"@type\":\"ImageObject\",\"inLanguage\":\"el\",\"@id\":\"https:\/\/euromotors.gr\/#\/schema\/logo\/image\/\",\"url\":\"https:\/\/euromotors.gr\/wordpress\/wp-content\/uploads\/2019\/03\/EMemlem.jpg\",\"contentUrl\":\"https:\/\/euromotors.gr\/wordpress\/wp-content\/uploads\/2019\/03\/EMemlem.jpg\",\"width\":665,\"height\":665,\"caption\":\"Euro Motors\"},\"image\":{\"@id\":\"https:\/\/euromotors.gr\/#\/schema\/logo\/image\/\"},\"sameAs\":[\"https:\/\/www.facebook.com\/974952642521498\"]}]}<\/script>\n<!-- \/ Yoast SEO plugin. -->","yoast_head_json":{"title":"\u03b2\u03b5\u03bd\u03b6\u03b9\u03bd\u03bf\u03ba\u03b9\u03bd\u03b7\u03c4\u03ae\u03c1\u03b1\u03c2 \u03b5\u03c6\u03b1\u03c1\u03bc\u03bf\u03b3\u03ce\u03bd SR188F SR188FD(EPA\/CE)\u00a0 - \u03a0\u039f\u0399\u039f\u03a4\u0397\u03a4\u0391 \u03a3\u0395 \u03a0\u03a1\u039f\u03a3\u0399\u03a4\u0395\u03a3 \u03a4\u0399\u039c\u0395\u03a3","description":"\u0392\u03b5\u03bd\u03b6\u03b9\u03bd\u03bf\u03ba\u03b9\u03bd\u03b7\u03c4\u03ae\u03c1\u03b1\u03c2 \u03b4\u03b9\u03b1\u03c6\u03cc\u03c1\u03c9\u03bd \u03b5\u03c6\u03b1\u03c1\u03bc\u03bf\u03b3\u03ce\u03bd. 400cc \u03bc\u03b5 \u03bc\u03af\u03b6\u03b1 \u03ba\u03b1\u03b9 \u03ba\u03bf\u03c1\u03b4\u03cc\u03bd\u03b9. \u0399\u03a0\u03a0\u039f\u0394\u03a5\u039d\u0391\u039c\u0397 9.5\/3600[kW(r\/min)]. \u0391\u039c\u0395\u03a1\u0399\u039a\u0391\u039d\u0399\u039a\u0395\u03a3 & \u0395\u03a5\u03a1\u03a9\u03a0\u0391\u0399\u039a\u0395\u03a3 \u03a0\u03a1\u039f\u0394\u0399\u0391\u0393\u03a1\u0391\u03a6\u0395\u03a3","robots":{"index":"index","follow":"follow","max-snippet":"max-snippet:-1","max-image-preview":"max-image-preview:large","max-video-preview":"max-video-preview:-1"},"canonical":"https:\/\/euromotors.gr\/?product=\u03b2\u03b5\u03bd\u03b6\u03b9\u03bd\u03bf\u03ba\u03b9\u03bd\u03b7\u03c4\u03ae\u03c1\u03b1\u03c2-\u03b5\u03c6\u03b1\u03c1\u03bc\u03bf\u03b3\u03ce\u03bd","og_locale":"el_GR","og_type":"article","og_title":"\u03b2\u03b5\u03bd\u03b6\u03b9\u03bd\u03bf\u03ba\u03b9\u03bd\u03b7\u03c4\u03ae\u03c1\u03b1\u03c2 \u03b5\u03c6\u03b1\u03c1\u03bc\u03bf\u03b3\u03ce\u03bd SR188F SR188FD(EPA\/CE)\u00a0 - \u03a0\u039f\u0399\u039f\u03a4\u0397\u03a4\u0391 \u03a3\u0395 \u03a0\u03a1\u039f\u03a3\u0399\u03a4\u0395\u03a3 \u03a4\u0399\u039c\u0395\u03a3","og_description":"\u0392\u03b5\u03bd\u03b6\u03b9\u03bd\u03bf\u03ba\u03b9\u03bd\u03b7\u03c4\u03ae\u03c1\u03b1\u03c2 \u03b4\u03b9\u03b1\u03c6\u03cc\u03c1\u03c9\u03bd \u03b5\u03c6\u03b1\u03c1\u03bc\u03bf\u03b3\u03ce\u03bd. 400cc \u03bc\u03b5 \u03bc\u03af\u03b6\u03b1 \u03ba\u03b1\u03b9 \u03ba\u03bf\u03c1\u03b4\u03cc\u03bd\u03b9. \u0399\u03a0\u03a0\u039f\u0394\u03a5\u039d\u0391\u039c\u0397 9.5\/3600[kW(r\/min)]. \u0391\u039c\u0395\u03a1\u0399\u039a\u0391\u039d\u0399\u039a\u0395\u03a3 & \u0395\u03a5\u03a1\u03a9\u03a0\u0391\u0399\u039a\u0395\u03a3 \u03a0\u03a1\u039f\u0394\u0399\u0391\u0393\u03a1\u0391\u03a6\u0395\u03a3","og_url":"https:\/\/euromotors.gr\/?product=\u03b2\u03b5\u03bd\u03b6\u03b9\u03bd\u03bf\u03ba\u03b9\u03bd\u03b7\u03c4\u03ae\u03c1\u03b1\u03c2-\u03b5\u03c6\u03b1\u03c1\u03bc\u03bf\u03b3\u03ce\u03bd","og_site_name":"\u03a0\u039f\u0399\u039f\u03a4\u0397\u03a4\u0391 \u03a3\u0395 \u03a0\u03a1\u039f\u03a3\u0399\u03a4\u0395\u03a3 \u03a4\u0399\u039c\u0395\u03a3","article_publisher":"https:\/\/www.facebook.com\/974952642521498","article_modified_time":"2024-07-02T13:08:49+00:00","og_image":[{"width":212,"height":190,"url":"https:\/\/euromotors.gr\/wordpress\/wp-content\/uploads\/2020\/02\/BIG.png","type":"image\/png"}],"twitter_card":"summary_large_image","twitter_misc":{"\u0395\u03ba\u03c4\u03b9\u03bc\u03ce\u03bc\u03b5\u03bd\u03bf\u03c2 \u03c7\u03c1\u03cc\u03bd\u03bf\u03c2 \u03b1\u03bd\u03ac\u03b3\u03bd\u03c9\u03c3\u03b7\u03c2":"1 \u03bb\u03b5\u03c0\u03c4\u03cc"},"schema":{"@context":"https:\/\/schema.org","@graph":[{"@type":"WebPage","@id":"https:\/\/euromotors.gr\/?product=%ce%b2%ce%b5%ce%bd%ce%b6%ce%b9%ce%bd%ce%bf%ce%ba%ce%b9%ce%bd%ce%b7%cf%84%ce%ae%cf%81%ce%b1%cf%82-%ce%b5%cf%86%ce%b1%cf%81%ce%bc%ce%bf%ce%b3%cf%8e%ce%bd","url":"https:\/\/euromotors.gr\/?product=%ce%b2%ce%b5%ce%bd%ce%b6%ce%b9%ce%bd%ce%bf%ce%ba%ce%b9%ce%bd%ce%b7%cf%84%ce%ae%cf%81%ce%b1%cf%82-%ce%b5%cf%86%ce%b1%cf%81%ce%bc%ce%bf%ce%b3%cf%8e%ce%bd","name":"\u03b2\u03b5\u03bd\u03b6\u03b9\u03bd\u03bf\u03ba\u03b9\u03bd\u03b7\u03c4\u03ae\u03c1\u03b1\u03c2 \u03b5\u03c6\u03b1\u03c1\u03bc\u03bf\u03b3\u03ce\u03bd SR188F SR188FD(EPA\/CE)\u00a0 - \u03a0\u039f\u0399\u039f\u03a4\u0397\u03a4\u0391 \u03a3\u0395 \u03a0\u03a1\u039f\u03a3\u0399\u03a4\u0395\u03a3 \u03a4\u0399\u039c\u0395\u03a3","isPartOf":{"@id":"https:\/\/euromotors.gr\/#website"},"primaryImageOfPage":{"@id":"https:\/\/euromotors.gr\/?product=%ce%b2%ce%b5%ce%bd%ce%b6%ce%b9%ce%bd%ce%bf%ce%ba%ce%b9%ce%bd%ce%b7%cf%84%ce%ae%cf%81%ce%b1%cf%82-%ce%b5%cf%86%ce%b1%cf%81%ce%bc%ce%bf%ce%b3%cf%8e%ce%bd#primaryimage"},"image":{"@id":"https:\/\/euromotors.gr\/?product=%ce%b2%ce%b5%ce%bd%ce%b6%ce%b9%ce%bd%ce%bf%ce%ba%ce%b9%ce%bd%ce%b7%cf%84%ce%ae%cf%81%ce%b1%cf%82-%ce%b5%cf%86%ce%b1%cf%81%ce%bc%ce%bf%ce%b3%cf%8e%ce%bd#primaryimage"},"thumbnailUrl":"https:\/\/euromotors.gr\/wordpress\/wp-content\/uploads\/2020\/02\/BIG.png","datePublished":"2020-02-23T11:20:17+00:00","dateModified":"2024-07-02T13:08:49+00:00","description":"\u0392\u03b5\u03bd\u03b6\u03b9\u03bd\u03bf\u03ba\u03b9\u03bd\u03b7\u03c4\u03ae\u03c1\u03b1\u03c2 \u03b4\u03b9\u03b1\u03c6\u03cc\u03c1\u03c9\u03bd \u03b5\u03c6\u03b1\u03c1\u03bc\u03bf\u03b3\u03ce\u03bd. 400cc \u03bc\u03b5 \u03bc\u03af\u03b6\u03b1 \u03ba\u03b1\u03b9 \u03ba\u03bf\u03c1\u03b4\u03cc\u03bd\u03b9. \u0399\u03a0\u03a0\u039f\u0394\u03a5\u039d\u0391\u039c\u0397 9.5\/3600[kW(r\/min)]. \u0391\u039c\u0395\u03a1\u0399\u039a\u0391\u039d\u0399\u039a\u0395\u03a3 & \u0395\u03a5\u03a1\u03a9\u03a0\u0391\u0399\u039a\u0395\u03a3 \u03a0\u03a1\u039f\u0394\u0399\u0391\u0393\u03a1\u0391\u03a6\u0395\u03a3","breadcrumb":{"@id":"https:\/\/euromotors.gr\/?product=%ce%b2%ce%b5%ce%bd%ce%b6%ce%b9%ce%bd%ce%bf%ce%ba%ce%b9%ce%bd%ce%b7%cf%84%ce%ae%cf%81%ce%b1%cf%82-%ce%b5%cf%86%ce%b1%cf%81%ce%bc%ce%bf%ce%b3%cf%8e%ce%bd#breadcrumb"},"inLanguage":"el","potentialAction":[{"@type":"ReadAction","target":["https:\/\/euromotors.gr\/?product=%ce%b2%ce%b5%ce%bd%ce%b6%ce%b9%ce%bd%ce%bf%ce%ba%ce%b9%ce%bd%ce%b7%cf%84%ce%ae%cf%81%ce%b1%cf%82-%ce%b5%cf%86%ce%b1%cf%81%ce%bc%ce%bf%ce%b3%cf%8e%ce%bd"]}]},{"@type":"ImageObject","inLanguage":"el","@id":"https:\/\/euromotors.gr\/?product=%ce%b2%ce%b5%ce%bd%ce%b6%ce%b9%ce%bd%ce%bf%ce%ba%ce%b9%ce%bd%ce%b7%cf%84%ce%ae%cf%81%ce%b1%cf%82-%ce%b5%cf%86%ce%b1%cf%81%ce%bc%ce%bf%ce%b3%cf%8e%ce%bd#primaryimage","url":"https:\/\/euromotors.gr\/wordpress\/wp-content\/uploads\/2020\/02\/BIG.png","contentUrl":"https:\/\/euromotors.gr\/wordpress\/wp-content\/uploads\/2020\/02\/BIG.png","width":212,"height":190},{"@type":"BreadcrumbList","@id":"https:\/\/euromotors.gr\/?product=%ce%b2%ce%b5%ce%bd%ce%b6%ce%b9%ce%bd%ce%bf%ce%ba%ce%b9%ce%bd%ce%b7%cf%84%ce%ae%cf%81%ce%b1%cf%82-%ce%b5%cf%86%ce%b1%cf%81%ce%bc%ce%bf%ce%b3%cf%8e%ce%bd#breadcrumb","itemListElement":[{"@type":"ListItem","position":1,"name":"\u0391\u03c1\u03c7\u03b9\u03ba\u03ae","item":"https:\/\/euromotors.gr\/"},{"@type":"ListItem","position":2,"name":"e-Shop","item":"https:\/\/euromotors.gr\/?page_id=560"},{"@type":"ListItem","position":3,"name":"SR188F SR188FD(EPA\/CE)\u00a0"}]},{"@type":"WebSite","@id":"https:\/\/euromotors.gr\/#website","url":"https:\/\/euromotors.gr\/","name":"Euro Motors","description":"Motorcycles, scooters, mopeds, sidecars, \u03c0\u03b1\u03c0\u03b9\u03ac","publisher":{"@id":"https:\/\/euromotors.gr\/#organization"},"potentialAction":[{"@type":"SearchAction","target":{"@type":"EntryPoint","urlTemplate":"https:\/\/euromotors.gr\/?s={search_term_string}"},"query-input":{"@type":"PropertyValueSpecification","valueRequired":true,"valueName":"search_term_string"}}],"inLanguage":"el"},{"@type":"Organization","@id":"https:\/\/euromotors.gr\/#organization","name":"Euro Motors","url":"https:\/\/euromotors.gr\/","logo":{"@type":"ImageObject","inLanguage":"el","@id":"https:\/\/euromotors.gr\/#\/schema\/logo\/image\/","url":"https:\/\/euromotors.gr\/wordpress\/wp-content\/uploads\/2019\/03\/EMemlem.jpg","contentUrl":"https:\/\/euromotors.gr\/wordpress\/wp-content\/uploads\/2019\/03\/EMemlem.jpg","width":665,"height":665,"caption":"Euro Motors"},"image":{"@id":"https:\/\/euromotors.gr\/#\/schema\/logo\/image\/"},"sameAs":["https:\/\/www.facebook.com\/974952642521498"]}]}},"_links":{"self":[{"href":"https:\/\/euromotors.gr\/index.php?rest_route=\/wp\/v2\/product\/820","targetHints":{"allow":["GET"]}}],"collection":[{"href":"https:\/\/euromotors.gr\/index.php?rest_route=\/wp\/v2\/product"}],"about":[{"href":"https:\/\/euromotors.gr\/index.php?rest_route=\/wp\/v2\/types\/product"}],"replies":[{"embeddable":true,"href":"https:\/\/euromotors.gr\/index.php?rest_route=%2Fwp%2Fv2%2Fcomments&post=820"}],"wp:featuredmedia":[{"embeddable":true,"href":"https:\/\/euromotors.gr\/index.php?rest_route=\/wp\/v2\/media\/821"}],"wp:attachment":[{"href":"https:\/\/euromotors.gr\/index.php?rest_route=%2Fwp%2Fv2%2Fmedia&parent=820"}],"wp:term":[{"taxonomy":"product_brand","embeddable":true,"href":"https:\/\/euromotors.gr\/index.php?rest_route=%2Fwp%2Fv2%2Fproduct_brand&post=820"},{"taxonomy":"product_cat","embeddable":true,"href":"https:\/\/euromotors.gr\/index.php?rest_route=%2Fwp%2Fv2%2Fproduct_cat&post=820"},{"taxonomy":"product_tag","embeddable":true,"href":"https:\/\/euromotors.gr\/index.php?rest_route=%2Fwp%2Fv2%2Fproduct_tag&post=820"}],"curies":[{"name":"wp","href":"https:\/\/api.w.org\/{rel}","templated":true}]}}